{"id":7261,"date":"2023-03-18T07:10:54","date_gmt":"2023-03-18T07:10:54","guid":{"rendered":"https:\/\/urracamonkeyisland.com\/?page_id=7261"},"modified":"2025-03-26T20:43:10","modified_gmt":"2025-03-26T20:43:10","slug":"contact","status":"publish","type":"page","link":"https:\/\/urracamonkeyisland.com\/fr\/contact\/","title":{"rendered":"Contact"},"content":{"rendered":"\t\t<div data-elementor-type=\"wp-page\" data-elementor-id=\"7261\" class=\"elementor elementor-7261\" data-elementor-post-type=\"page\">\n\t\t\t\t\t\t<section class=\"elementor-section elementor-top-section elementor-element elementor-element-ca1656d elementor-section-height-min-height cs-section-content-fullwidth cs-parallax-on-scroll cs_scroll_y_100 elementor-section-boxed elementor-section-height-default elementor-section-items-middle\" data-id=\"ca1656d\" data-element_type=\"section\" data-settings=\"{&quot;background_background&quot;:&quot;classic&quot;}\" data-cs-parallax-y=\"100\" style=\"background-image: none;\" data-cs-background-image=\"https:\/\/urracamonkeyisland.com\/wp-content\/uploads\/2024\/07\/drone-beach-around-urraca-monkey-island-4.jpg\" data-cs-background-image-alt-text=\"\">\n\t\t\t\t\t\t\t<div class=\"elementor-background-overlay\"><\/div>\n\t\t\t\t\t\t\t<div class=\"elementor-container elementor-column-gap-no\">\n\t\t\t\t\t<div class=\"elementor-column elementor-col-100 elementor-top-column elementor-element elementor-element-6b2c1df dark-color\" data-id=\"6b2c1df\" data-element_type=\"column\">\n\t\t\t<div class=\"elementor-widget-wrap elementor-element-populated\">\n\t\t\t\t\t\t<div class=\"elementor-element elementor-element-ed3f97e elementor-widget elementor-widget-cs_title\" data-id=\"ed3f97e\" data-element_type=\"widget\" data-widget_type=\"cs_title.default\">\n\t\t\t\t<div class=\"elementor-widget-container\">\n\t\t\t\t\t\n        <div class=\"cs-title-wrap text-center\">\t            <div class=\"cs-subtitle-wrap\"><span class=\"cs-subtitle color-white\">CONNECTEZ-VOUS AVEC NOUS<\/span><\/div>\t            <h1 class=\"cs-title\">\n\t                Contactez-nous\t            <\/h1>\t            <div class=\"cs-title-text\">\n\t                <p class=\"p1\">Pour les r\u00e9servations et demandes d\u2019informations, <br \/>veuillez remplir notre formulaire de contact, nous \u00e9crire ou nous appeler.<\/p>\t            <\/div>        <\/div>\t\t\t\t<\/div>\n\t\t\t\t<\/div>\n\t\t\t\t\t<\/div>\n\t\t<\/div>\n\t\t\t\t\t<\/div>\n\t\t<\/section>\n\t\t\t\t<section class=\"elementor-section elementor-top-section elementor-element elementor-element-ac9ba41 elementor-section-full_width elementor-section-content-middle elementor-section-height-default elementor-section-height-default\" data-id=\"ac9ba41\" data-element_type=\"section\">\n\t\t\t\t\t\t<div class=\"elementor-container elementor-column-gap-no\">\n\t\t\t\t\t<div class=\"elementor-column elementor-col-50 elementor-top-column elementor-element elementor-element-a9f3bc2\" data-id=\"a9f3bc2\" data-element_type=\"column\">\n\t\t\t<div class=\"elementor-widget-wrap elementor-element-populated\">\n\t\t\t\t\t\t<div class=\"elementor-element elementor-element-d6a0979 elementor-widget elementor-widget-cs_title\" data-id=\"d6a0979\" data-element_type=\"widget\" data-widget_type=\"cs_title.default\">\n\t\t\t\t<div class=\"elementor-widget-container\">\n\t\t\t\t\t\n        <div class=\"cs-title-wrap\">\t            <div class=\"cs-subtitle-wrap\"><span class=\"cs-subtitle\">\nINFORMATIONS DE CONTACT<\/span><\/div>\t            <h2 class=\"cs-title\">\n\t                Urraca Monkey Island Eco Resort\n\t            <\/h2>\t            <div class=\"cs-title-text\">\n\t                <p>Isla Popa, Punta Laurel<br \/>Bocas del Toro, Panama<br \/><strong><a href=\"https:\/\/www.google.com\/maps\/place\/Urraca+Private+Island\/@9.1828459,-82.0845455,15z\/data=!4m2!3m1!1s0x0:0x2b29a434880f14b9?sa=X&amp;ved=1t:2428&amp;ictx=111\">Trouvez-nous sur Google Maps<\/a><\/strong><\/p><p><strong>What\u2019s App:<\/strong><br \/><a href=\"tel:+507 6668-2027\">+507 6668-2027<\/a><\/p><p><strong>Email:<br \/><\/strong><a href=\"mailto:urracamonkeyisland@gmail.com\">urracamonkeyisland@gmail.com<br \/><\/a><\/p><p class=\"p1\">Vous avez des questions ? Vous vous demandez peut-\u00eatre comment vous rendre \u00e0 Bocas del Toro, Panama ? Consultez notre <strong><a href=\"https:\/\/urracamonkeyisland.com\/faq\/\"><span style=\"text-decoration: underline;\">FAQ<\/span><\/a><\/strong>\u00a0et, si vous avez encore besoin d\u2019aide, remplissez notre formulaire de contact, \u00e9crivez-nous ou appelez-nous. Nous serons ravis de r\u00e9pondre \u00e0 toutes vos questions.<\/p>\t            <\/div>        <\/div>\t\t\t\t<\/div>\n\t\t\t\t<\/div>\n\t\t\t\t\t<\/div>\n\t\t<\/div>\n\t\t\t\t<div class=\"elementor-column elementor-col-50 elementor-top-column elementor-element elementor-element-a630739\" data-id=\"a630739\" data-element_type=\"column\" data-settings=\"{&quot;background_background&quot;:&quot;classic&quot;}\">\n\t\t\t<div class=\"elementor-widget-wrap elementor-element-populated\">\n\t\t\t\t\t\t<section class=\"elementor-section elementor-inner-section elementor-element elementor-element-1165b93 elementor-section-boxed elementor-section-height-default elementor-section-height-default\" data-id=\"1165b93\" data-element_type=\"section\" data-settings=\"{&quot;background_background&quot;:&quot;classic&quot;}\">\n\t\t\t\t\t\t<div class=\"elementor-container elementor-column-gap-no\">\n\t\t\t\t\t<div class=\"elementor-column elementor-col-100 elementor-inner-column elementor-element elementor-element-c8421f3\" data-id=\"c8421f3\" data-element_type=\"column\">\n\t\t\t<div class=\"elementor-widget-wrap elementor-element-populated\">\n\t\t\t\t\t\t<div class=\"elementor-element elementor-element-ee636a2 elementor-widget elementor-widget-cs_title\" data-id=\"ee636a2\" data-element_type=\"widget\" data-widget_type=\"cs_title.default\">\n\t\t\t\t<div class=\"elementor-widget-container\">\n\t\t\t\t\t\n        <div class=\"cs-title-wrap text-center\">\t            <div class=\"cs-subtitle-wrap\"><span class=\"cs-subtitle\">Formulaire de contact<\/span><\/div>\t            <h5 class=\"cs-title\">\n\t                Discutons ensemble\t            <\/h5>        <\/div>\t\t\t\t<\/div>\n\t\t\t\t<\/div>\n\t\t\t\t<div class=\"elementor-element elementor-element-d1eca60 elementor-widget elementor-widget-cs_form_cf7\" data-id=\"d1eca60\" data-element_type=\"widget\" data-widget_type=\"cs_form_cf7.default\">\n\t\t\t\t<div class=\"elementor-widget-container\">\n\t\t\t\t\t            <div class=\"cs-form-cf7 placeholder-normal\">\n                <div class=\"cs-form-cf7-wrap\">\n<div class=\"wpcf7 no-js\" id=\"wpcf7-f6-o1\" lang=\"fr-FR\" dir=\"ltr\" data-wpcf7-id=\"6\">\n<div class=\"screen-reader-response\"><p role=\"status\" aria-live=\"polite\" aria-atomic=\"true\"><\/p> <ul><\/ul><\/div>\n<form action=\"\/fr\/wp-json\/wp\/v2\/pages\/7261#wpcf7-f6-o1\" method=\"post\" class=\"wpcf7-form init\" aria-label=\"Contact form\" novalidate=\"novalidate\" data-status=\"init\">\n<fieldset class=\"hidden-fields-container\"><input type=\"hidden\" name=\"_wpcf7\" value=\"6\" \/><input type=\"hidden\" name=\"_wpcf7_version\" value=\"6.1.5\" \/><input type=\"hidden\" name=\"_wpcf7_locale\" value=\"fr_FR\" \/><input type=\"hidden\" name=\"_wpcf7_unit_tag\" value=\"wpcf7-f6-o1\" \/><input type=\"hidden\" name=\"_wpcf7_container_post\" value=\"0\" \/><input type=\"hidden\" name=\"_wpcf7_posted_data_hash\" value=\"\" \/>\n<\/fieldset>\n<p><label> Your name<br \/>\n<span class=\"wpcf7-form-control-wrap\" data-name=\"your-name\"><input size=\"40\" maxlength=\"400\" class=\"wpcf7-form-control wpcf7-text wpcf7-validates-as-required\" autocomplete=\"name\" aria-required=\"true\" aria-invalid=\"false\" value=\"\" type=\"text\" name=\"your-name\" \/><\/span> <\/label>\n<\/p>\n<p><label> Your email<br \/>\n<span class=\"wpcf7-form-control-wrap\" data-name=\"your-email\"><input size=\"40\" maxlength=\"400\" class=\"wpcf7-form-control wpcf7-email wpcf7-validates-as-required wpcf7-text wpcf7-validates-as-email\" autocomplete=\"email\" aria-required=\"true\" aria-invalid=\"false\" value=\"\" type=\"email\" name=\"your-email\" \/><\/span> <\/label>\n<\/p>\n<p><label> Your message<br \/>\n<span class=\"wpcf7-form-control-wrap\" data-name=\"your-message\"><textarea cols=\"40\" rows=\"10\" maxlength=\"2000\" class=\"wpcf7-form-control wpcf7-textarea wpcf7-validates-as-required\" aria-required=\"true\" aria-invalid=\"false\" name=\"your-message\"><\/textarea><\/span> <\/label>\n<\/p>\n<p><input class=\"wpcf7-form-control wpcf7-submit has-spinner\" type=\"submit\" value=\"Submit\" \/>\n<\/p><div class=\"wpcf7-response-output\" aria-hidden=\"true\"><\/div>\n<\/form>\n<\/div>\n<\/div>\n            <\/div>\t\t\t\t<\/div>\n\t\t\t\t<\/div>\n\t\t\t\t\t<\/div>\n\t\t<\/div>\n\t\t\t\t\t<\/div>\n\t\t<\/section>\n\t\t\t\t\t<\/div>\n\t\t<\/div>\n\t\t\t\t\t<\/div>\n\t\t<\/section>\n\t\t<div class=\"elementor-element elementor-element-30e09c9 e-con-full e-flex e-con e-parent\" data-id=\"30e09c9\" data-element_type=\"container\">\n\t\t\t\t<div class=\"elementor-element elementor-element-edb84cc elementor-widget elementor-widget-google_maps\" data-id=\"edb84cc\" data-element_type=\"widget\" data-widget_type=\"google_maps.default\">\n\t\t\t\t<div class=\"elementor-widget-container\">\n\t\t\t\t\t\t\t<div class=\"elementor-custom-embed\">\n\t\t\t<iframe loading=\"lazy\"\n\t\t\t\t\tsrc=\"https:\/\/maps.google.com\/maps?q=urraca%20private%20island&#038;t=m&#038;z=11&#038;output=embed&#038;iwloc=near\"\n\t\t\t\t\ttitle=\"urraca private island\"\n\t\t\t\t\taria-label=\"urraca private island\"\n\t\t\t><\/iframe>\n\t\t<\/div>\n\t\t\t\t\t\t<\/div>\n\t\t\t\t<\/div>\n\t\t\t\t<\/div>\n\t\t\t\t<\/div>\n\t\t","protected":false},"excerpt":{"rendered":"<p>CONNECTEZ-VOUS AVEC NOUS Contactez-nous Pour les r\u00e9servations et demandes d\u2019informations, veuillez remplir notre formulaire de contact, nous \u00e9crire ou nous appeler. INFORMATIONS DE CONTACT Urraca Monkey Island Eco Resort Isla Popa, Punta LaurelBocas del Toro, PanamaTrouvez-nous sur Google Maps What\u2019s App:+507 6668-2027 Email:urracamonkeyisland@gmail.com Vous avez des questions ? Vous vous demandez peut-\u00eatre comment vous rendre &#8230;<\/p>\n","protected":false},"author":2,"featured_media":5370,"parent":0,"menu_order":0,"comment_status":"closed","ping_status":"closed","template":"template-wide-content.php","meta":{"inline_featured_image":false,"cozystay_single_page_hide_site_header":"","cozystay_single_page_site_header_source":"","cozystay_single_page_custom_site_header":"0","cozystay_single_page_custom_sticky_site_header":"0","cozystay_single_page_hide_page_title":"","cozystay_single_page_header_section_size":"","cozystay_single_page_header_background_color":"","cozystay_single_page_header_background_position_x":"center","cozystay_single_page_header_background_position_y":"center","cozystay_single_page_header_background_size":"cover","cozystay_single_page_header_background_repeat":"off","cozystay_single_page_header_background_scroll":"on","cozystay_single_page_header_text_color":"","cozystay_single_page_header_show_breadcrumb":"","cozystay_single_page_site_footer_hide_main":"","cozystay_single_custom_site_footer_main_source":"","cozystay_single_custom_site_footer_main":"0","cozystay_single_page_site_footer_hide_above":"","cozystay_single_custom_site_footer_above_source":"","cozystay_single_custom_site_footer_above":"0","cozystay_single_page_site_footer_hide_instagram":"","cozystay_single_page_site_footer_hide_bottom":"","cozystay_single_custom_mobile_menu_source":"","cozystay_single_custom_mobile_menu":"0","cozystay_single_custom_mobile_menu_animation":"","cozystay_single_custom_mobile_menu_width":"","cozystay_single_custom_mobile_menu_custom_width":375,"footnotes":""},"class_list":["post-7261","page","type-page","status-publish","has-post-thumbnail","hentry"],"yoast_head":"<!-- This site is optimized with the Yoast SEO plugin v27.4 - https:\/\/yoast.com\/product\/yoast-seo-wordpress\/ -->\n<title>Contact - Urraca Monkey Island<\/title>\n<meta name=\"description\" content=\"Contactez-nous. Urraca Monkey Island Eco Resort. Pour les r\u00e9servations et les demandes, veuillez remplir notre formulaire, nous \u00e9crire ou nous appeler.\" \/>\n<meta name=\"robots\" content=\"index, follow, max-snippet:-1, max-image-preview:large, max-video-preview:-1\" \/>\n<link rel=\"canonical\" href=\"https:\/\/urracamonkeyisland.com\/fr\/contact\/\" \/>\n<meta property=\"og:locale\" content=\"fr_FR\" \/>\n<meta property=\"og:type\" content=\"article\" \/>\n<meta property=\"og:title\" content=\"Contact - Urraca Monkey Island\" \/>\n<meta property=\"og:description\" content=\"Contactez-nous. Urraca Monkey Island Eco Resort. Pour les r\u00e9servations et les demandes, veuillez remplir notre formulaire, nous \u00e9crire ou nous appeler.\" \/>\n<meta property=\"og:url\" content=\"https:\/\/urracamonkeyisland.com\/fr\/contact\/\" \/>\n<meta property=\"og:site_name\" content=\"Urraca Monkey Island\" \/>\n<meta property=\"article:publisher\" content=\"https:\/\/www.facebook.com\/urracaprivateisland\" \/>\n<meta property=\"article:modified_time\" content=\"2025-03-26T20:43:10+00:00\" \/>\n<meta property=\"og:image\" content=\"https:\/\/urracamonkeyisland.com\/wp-content\/uploads\/2024\/07\/the-founder-of-urraca-monkey-island-panama-6.jpg\" \/>\n\t<meta property=\"og:image:width\" content=\"1600\" \/>\n\t<meta property=\"og:image:height\" content=\"1768\" \/>\n\t<meta property=\"og:image:type\" content=\"image\/jpeg\" \/>\n<meta name=\"twitter:card\" content=\"summary_large_image\" \/>\n<meta name=\"twitter:label1\" content=\"Est. reading time\" \/>\n\t<meta name=\"twitter:data1\" content=\"1 minute\" \/>\n<script type=\"application\/ld+json\" class=\"yoast-schema-graph\">{\"@context\":\"https:\\\/\\\/schema.org\",\"@graph\":[{\"@type\":\"WebPage\",\"@id\":\"https:\\\/\\\/urracamonkeyisland.com\\\/fr\\\/contact\\\/\",\"url\":\"https:\\\/\\\/urracamonkeyisland.com\\\/fr\\\/contact\\\/\",\"name\":\"Contact - Urraca Monkey Island\",\"isPartOf\":{\"@id\":\"https:\\\/\\\/urracamonkeyisland.com\\\/fr\\\/#website\"},\"primaryImageOfPage\":{\"@id\":\"https:\\\/\\\/urracamonkeyisland.com\\\/fr\\\/contact\\\/#primaryimage\"},\"image\":{\"@id\":\"https:\\\/\\\/urracamonkeyisland.com\\\/fr\\\/contact\\\/#primaryimage\"},\"thumbnailUrl\":\"https:\\\/\\\/urracamonkeyisland.com\\\/wp-content\\\/uploads\\\/2024\\\/07\\\/the-founder-of-urraca-monkey-island-panama-6.jpg\",\"datePublished\":\"2023-03-18T07:10:54+00:00\",\"dateModified\":\"2025-03-26T20:43:10+00:00\",\"description\":\"Contactez-nous. Urraca Monkey Island Eco Resort. Pour les r\u00e9servations et les demandes, veuillez remplir notre formulaire, nous \u00e9crire ou nous appeler.\",\"breadcrumb\":{\"@id\":\"https:\\\/\\\/urracamonkeyisland.com\\\/fr\\\/contact\\\/#breadcrumb\"},\"inLanguage\":\"FR\",\"potentialAction\":[{\"@type\":\"ReadAction\",\"target\":[\"https:\\\/\\\/urracamonkeyisland.com\\\/fr\\\/contact\\\/\"]}]},{\"@type\":\"ImageObject\",\"inLanguage\":\"FR\",\"@id\":\"https:\\\/\\\/urracamonkeyisland.com\\\/fr\\\/contact\\\/#primaryimage\",\"url\":\"https:\\\/\\\/urracamonkeyisland.com\\\/wp-content\\\/uploads\\\/2024\\\/07\\\/the-founder-of-urraca-monkey-island-panama-6.jpg\",\"contentUrl\":\"https:\\\/\\\/urracamonkeyisland.com\\\/wp-content\\\/uploads\\\/2024\\\/07\\\/the-founder-of-urraca-monkey-island-panama-6.jpg\",\"width\":1600,\"height\":1768},{\"@type\":\"BreadcrumbList\",\"@id\":\"https:\\\/\\\/urracamonkeyisland.com\\\/fr\\\/contact\\\/#breadcrumb\",\"itemListElement\":[{\"@type\":\"ListItem\",\"position\":1,\"name\":\"Home\",\"item\":\"https:\\\/\\\/urracamonkeyisland.com\\\/fr\\\/\"},{\"@type\":\"ListItem\",\"position\":2,\"name\":\"Contact\"}]},{\"@type\":\"WebSite\",\"@id\":\"https:\\\/\\\/urracamonkeyisland.com\\\/fr\\\/#website\",\"url\":\"https:\\\/\\\/urracamonkeyisland.com\\\/fr\\\/\",\"name\":\"Urraca Monkey Island\",\"description\":\"Eco Resort\",\"publisher\":{\"@id\":\"https:\\\/\\\/urracamonkeyisland.com\\\/fr\\\/#organization\"},\"potentialAction\":[{\"@type\":\"SearchAction\",\"target\":{\"@type\":\"EntryPoint\",\"urlTemplate\":\"https:\\\/\\\/urracamonkeyisland.com\\\/fr\\\/?s={search_term_string}\"},\"query-input\":{\"@type\":\"PropertyValueSpecification\",\"valueRequired\":true,\"valueName\":\"search_term_string\"}}],\"inLanguage\":\"FR\"},{\"@type\":\"Organization\",\"@id\":\"https:\\\/\\\/urracamonkeyisland.com\\\/fr\\\/#organization\",\"name\":\"Urraca Monkey Island\",\"url\":\"https:\\\/\\\/urracamonkeyisland.com\\\/fr\\\/\",\"logo\":{\"@type\":\"ImageObject\",\"inLanguage\":\"FR\",\"@id\":\"https:\\\/\\\/urracamonkeyisland.com\\\/fr\\\/#\\\/schema\\\/logo\\\/image\\\/\",\"url\":\"https:\\\/\\\/urracamonkeyisland.com\\\/wp-content\\\/uploads\\\/2024\\\/04\\\/fav.png\",\"contentUrl\":\"https:\\\/\\\/urracamonkeyisland.com\\\/wp-content\\\/uploads\\\/2024\\\/04\\\/fav.png\",\"width\":512,\"height\":512,\"caption\":\"Urraca Monkey Island\"},\"image\":{\"@id\":\"https:\\\/\\\/urracamonkeyisland.com\\\/fr\\\/#\\\/schema\\\/logo\\\/image\\\/\"},\"sameAs\":[\"https:\\\/\\\/www.facebook.com\\\/urracaprivateisland\",\"https:\\\/\\\/www.tiktok.com\\\/@urracaprivateisland\",\"https:\\\/\\\/www.youtube.com\\\/@urracaprivateisland\",\"https:\\\/\\\/www.pinterest.com\\\/urracaprivateisland\\\/\"]}]}<\/script>\n<!-- \/ Yoast SEO plugin. -->","yoast_head_json":{"title":"Contact - Urraca Monkey Island","description":"Contactez-nous. Urraca Monkey Island Eco Resort. Pour les r\u00e9servations et les demandes, veuillez remplir notre formulaire, nous \u00e9crire ou nous appeler.","robots":{"index":"index","follow":"follow","max-snippet":"max-snippet:-1","max-image-preview":"max-image-preview:large","max-video-preview":"max-video-preview:-1"},"canonical":"https:\/\/urracamonkeyisland.com\/fr\/contact\/","og_locale":"fr_FR","og_type":"article","og_title":"Contact - Urraca Monkey Island","og_description":"Contactez-nous. Urraca Monkey Island Eco Resort. Pour les r\u00e9servations et les demandes, veuillez remplir notre formulaire, nous \u00e9crire ou nous appeler.","og_url":"https:\/\/urracamonkeyisland.com\/fr\/contact\/","og_site_name":"Urraca Monkey Island","article_publisher":"https:\/\/www.facebook.com\/urracaprivateisland","article_modified_time":"2025-03-26T20:43:10+00:00","og_image":[{"width":1600,"height":1768,"url":"https:\/\/urracamonkeyisland.com\/wp-content\/uploads\/2024\/07\/the-founder-of-urraca-monkey-island-panama-6.jpg","type":"image\/jpeg"}],"twitter_card":"summary_large_image","twitter_misc":{"Est. reading time":"1 minute"},"schema":{"@context":"https:\/\/schema.org","@graph":[{"@type":"WebPage","@id":"https:\/\/urracamonkeyisland.com\/fr\/contact\/","url":"https:\/\/urracamonkeyisland.com\/fr\/contact\/","name":"Contact - Urraca Monkey Island","isPartOf":{"@id":"https:\/\/urracamonkeyisland.com\/fr\/#website"},"primaryImageOfPage":{"@id":"https:\/\/urracamonkeyisland.com\/fr\/contact\/#primaryimage"},"image":{"@id":"https:\/\/urracamonkeyisland.com\/fr\/contact\/#primaryimage"},"thumbnailUrl":"https:\/\/urracamonkeyisland.com\/wp-content\/uploads\/2024\/07\/the-founder-of-urraca-monkey-island-panama-6.jpg","datePublished":"2023-03-18T07:10:54+00:00","dateModified":"2025-03-26T20:43:10+00:00","description":"Contactez-nous. Urraca Monkey Island Eco Resort. Pour les r\u00e9servations et les demandes, veuillez remplir notre formulaire, nous \u00e9crire ou nous appeler.","breadcrumb":{"@id":"https:\/\/urracamonkeyisland.com\/fr\/contact\/#breadcrumb"},"inLanguage":"FR","potentialAction":[{"@type":"ReadAction","target":["https:\/\/urracamonkeyisland.com\/fr\/contact\/"]}]},{"@type":"ImageObject","inLanguage":"FR","@id":"https:\/\/urracamonkeyisland.com\/fr\/contact\/#primaryimage","url":"https:\/\/urracamonkeyisland.com\/wp-content\/uploads\/2024\/07\/the-founder-of-urraca-monkey-island-panama-6.jpg","contentUrl":"https:\/\/urracamonkeyisland.com\/wp-content\/uploads\/2024\/07\/the-founder-of-urraca-monkey-island-panama-6.jpg","width":1600,"height":1768},{"@type":"BreadcrumbList","@id":"https:\/\/urracamonkeyisland.com\/fr\/contact\/#breadcrumb","itemListElement":[{"@type":"ListItem","position":1,"name":"Home","item":"https:\/\/urracamonkeyisland.com\/fr\/"},{"@type":"ListItem","position":2,"name":"Contact"}]},{"@type":"WebSite","@id":"https:\/\/urracamonkeyisland.com\/fr\/#website","url":"https:\/\/urracamonkeyisland.com\/fr\/","name":"Urraca Monkey Island","description":"Eco Resort","publisher":{"@id":"https:\/\/urracamonkeyisland.com\/fr\/#organization"},"potentialAction":[{"@type":"SearchAction","target":{"@type":"EntryPoint","urlTemplate":"https:\/\/urracamonkeyisland.com\/fr\/?s={search_term_string}"},"query-input":{"@type":"PropertyValueSpecification","valueRequired":true,"valueName":"search_term_string"}}],"inLanguage":"FR"},{"@type":"Organization","@id":"https:\/\/urracamonkeyisland.com\/fr\/#organization","name":"Urraca Monkey Island","url":"https:\/\/urracamonkeyisland.com\/fr\/","logo":{"@type":"ImageObject","inLanguage":"FR","@id":"https:\/\/urracamonkeyisland.com\/fr\/#\/schema\/logo\/image\/","url":"https:\/\/urracamonkeyisland.com\/wp-content\/uploads\/2024\/04\/fav.png","contentUrl":"https:\/\/urracamonkeyisland.com\/wp-content\/uploads\/2024\/04\/fav.png","width":512,"height":512,"caption":"Urraca Monkey Island"},"image":{"@id":"https:\/\/urracamonkeyisland.com\/fr\/#\/schema\/logo\/image\/"},"sameAs":["https:\/\/www.facebook.com\/urracaprivateisland","https:\/\/www.tiktok.com\/@urracaprivateisland","https:\/\/www.youtube.com\/@urracaprivateisland","https:\/\/www.pinterest.com\/urracaprivateisland\/"]}]}},"_links":{"self":[{"href":"https:\/\/urracamonkeyisland.com\/fr\/wp-json\/wp\/v2\/pages\/7261","targetHints":{"allow":["GET"]}}],"collection":[{"href":"https:\/\/urracamonkeyisland.com\/fr\/wp-json\/wp\/v2\/pages"}],"about":[{"href":"https:\/\/urracamonkeyisland.com\/fr\/wp-json\/wp\/v2\/types\/page"}],"author":[{"embeddable":true,"href":"https:\/\/urracamonkeyisland.com\/fr\/wp-json\/wp\/v2\/users\/2"}],"replies":[{"embeddable":true,"href":"https:\/\/urracamonkeyisland.com\/fr\/wp-json\/wp\/v2\/comments?post=7261"}],"version-history":[{"count":12,"href":"https:\/\/urracamonkeyisland.com\/fr\/wp-json\/wp\/v2\/pages\/7261\/revisions"}],"predecessor-version":[{"id":8105,"href":"https:\/\/urracamonkeyisland.com\/fr\/wp-json\/wp\/v2\/pages\/7261\/revisions\/8105"}],"wp:featuredmedia":[{"embeddable":true,"href":"https:\/\/urracamonkeyisland.com\/fr\/wp-json\/wp\/v2\/media\/5370"}],"wp:attachment":[{"href":"https:\/\/urracamonkeyisland.com\/fr\/wp-json\/wp\/v2\/media?parent=7261"}],"curies":[{"name":"wp","href":"https:\/\/api.w.org\/{rel}","templated":true}]}}